{"id":52,"date":"2023-09-28T14:28:00","date_gmt":"2023-09-28T14:28:00","guid":{"rendered":"https:\/\/blog.adaps.com.br\/wordpress\/?page_id=52"},"modified":"2024-05-22T17:22:55","modified_gmt":"2024-05-22T17:22:55","slug":"contato","status":"publish","type":"page","link":"https:\/\/blog.adaps.com.br\/wordpress\/contato\/","title":{"rendered":"Contato"},"content":{"rendered":"\t\t<div data-elementor-type=\"wp-page\" data-elementor-id=\"52\" class=\"elementor elementor-52\" data-elementor-post-type=\"page\">\n\t\t\t\t<div class=\"elementor-element elementor-element-f3e8963 e-flex e-con-boxed e-con e-parent\" data-id=\"f3e8963\" data-element_type=\"container\" data-e-type=\"container\" data-settings=\"{&quot;background_background&quot;:&quot;classic&quot;}\">\n\t\t\t\t\t<div class=\"e-con-inner\">\n\t\t\t\t<div class=\"elementor-element elementor-element-249869b elementor-widget-divider--view-line elementor-widget elementor-widget-divider\" data-id=\"249869b\" data-element_type=\"widget\" data-e-type=\"widget\" data-widget_type=\"divider.default\">\n\t\t\t\t<div class=\"elementor-widget-container\">\n\t\t\t\t\t\t\t<div class=\"elementor-divider\">\n\t\t\t<span class=\"elementor-divider-separator\">\n\t\t\t\t\t\t<\/span>\n\t\t<\/div>\n\t\t\t\t\t\t<\/div>\n\t\t\t\t<\/div>\n\t\t\t\t\t<\/div>\n\t\t\t\t<\/div>\n\t\t<div class=\"elementor-element elementor-element-04fc084 e-flex e-con-boxed e-con e-parent\" data-id=\"04fc084\" data-element_type=\"container\" data-e-type=\"container\">\n\t\t\t\t\t<div class=\"e-con-inner\">\n\t\t<div class=\"elementor-element elementor-element-8d59e23 e-flex e-con-boxed e-con e-child\" data-id=\"8d59e23\" data-element_type=\"container\" data-e-type=\"container\" data-settings=\"{&quot;background_background&quot;:&quot;classic&quot;}\">\n\t\t\t\t\t<div class=\"e-con-inner\">\n\t\t\t\t<div class=\"elementor-element elementor-element-9ebca16 elementor-widget elementor-widget-text-editor\" data-id=\"9ebca16\" data-element_type=\"widget\" data-e-type=\"widget\" data-widget_type=\"text-editor.default\">\n\t\t\t\t<div class=\"elementor-widget-container\">\n\t\t\t\t\t\t\t\t\t<p>TEM ALGUMA <strong>D\u00daDIVA?<\/strong><\/p>\t\t\t\t\t\t\t\t<\/div>\n\t\t\t\t<\/div>\n\t\t\t\t<div class=\"elementor-element elementor-element-20df8c1 elementor-widget elementor-widget-text-editor\" data-id=\"20df8c1\" data-element_type=\"widget\" data-e-type=\"widget\" data-widget_type=\"text-editor.default\">\n\t\t\t\t<div class=\"elementor-widget-container\">\n\t\t\t\t\t\t\t\t\t<p>Preencha abaixo e obtenha mais informa\u00e7\u00f5es<\/p>\t\t\t\t\t\t\t\t<\/div>\n\t\t\t\t<\/div>\n\t\t\t\t<div class=\"elementor-element elementor-element-35baae1 elementor-widget__width-initial elementor-button-align-stretch elementor-widget elementor-widget-form\" data-id=\"35baae1\" data-element_type=\"widget\" data-e-type=\"widget\" data-settings=\"{&quot;step_next_label&quot;:&quot;Pr\\u00f3ximo&quot;,&quot;step_previous_label&quot;:&quot;Anterior&quot;,&quot;button_width&quot;:&quot;100&quot;,&quot;step_type&quot;:&quot;number_text&quot;,&quot;step_icon_shape&quot;:&quot;circle&quot;}\" data-widget_type=\"form.default\">\n\t\t\t\t<div class=\"elementor-widget-container\">\n\t\t\t\t\t\t\t<form class=\"elementor-form\" method=\"post\" name=\"Forms\">\n\t\t\t<input type=\"hidden\" name=\"post_id\" value=\"52\"\/>\n\t\t\t<input type=\"hidden\" name=\"form_id\" value=\"35baae1\"\/>\n\t\t\t<input type=\"hidden\" name=\"referer_title\" value=\"Blog da ADAPS Energia\" \/>\n\n\t\t\t\n\t\t\t<div class=\"elementor-form-fields-wrapper elementor-labels-above\">\n\t\t\t\t\t\t\t\t<div class=\"elementor-field-type-text elementor-field-group elementor-column elementor-field-group-name elementor-col-100\">\n\t\t\t\t\t\t\t\t\t\t\t\t\t<input size=\"1\" type=\"text\" name=\"form_fields[name]\" id=\"form-field-name\" class=\"elementor-field elementor-size-sm  elementor-field-textual\" placeholder=\"Nome\">\n\t\t\t\t\t\t\t\t\t\t\t<\/div>\n\t\t\t\t\t\t\t\t<div class=\"elementor-field-type-email elementor-field-group elementor-column elementor-field-group-email elementor-col-100 elementor-field-required\">\n\t\t\t\t\t\t\t\t\t\t\t\t\t<input size=\"1\" type=\"email\" name=\"form_fields[email]\" id=\"form-field-email\" class=\"elementor-field elementor-size-sm  elementor-field-textual\" placeholder=\"E-mail\" required=\"required\" aria-required=\"true\">\n\t\t\t\t\t\t\t\t\t\t\t<\/div>\n\t\t\t\t\t\t\t\t<div class=\"elementor-field-type-textarea elementor-field-group elementor-column elementor-field-group-message elementor-col-100\">\n\t\t\t\t\t<textarea class=\"elementor-field-textual elementor-field  elementor-size-sm\" name=\"form_fields[message]\" id=\"form-field-message\" rows=\"4\" placeholder=\"Escreva sua mensagem\"><\/textarea>\t\t\t\t<\/div>\n\t\t\t\t\t\t\t\t<div class=\"elementor-field-group elementor-column elementor-field-type-submit elementor-col-100 e-form__buttons\">\n\t\t\t\t\t<button type=\"submit\" class=\"elementor-button elementor-size-sm\">\n\t\t\t\t\t\t<span >\n\t\t\t\t\t\t\t\t\t\t\t\t\t\t\t<span class=\" elementor-button-icon\">\n\t\t\t\t\t\t\t\t\t\t\t\t\t\t\t\t\t\t\t\t\t\t\t\t\t\t<\/span>\n\t\t\t\t\t\t\t\t\t\t\t\t\t\t\t\t\t\t\t\t\t\t<span class=\"elementor-button-text\">Enviar<\/span>\n\t\t\t\t\t\t\t\t\t\t\t\t\t<\/span>\n\t\t\t\t\t<\/button>\n\t\t\t\t<\/div>\n\t\t\t<\/div>\n\t\t<\/form>\n\t\t\t\t\t\t<\/div>\n\t\t\t\t<\/div>\n\t\t\t\t\t<\/div>\n\t\t\t\t<\/div>\n\t\t\t\t\t<\/div>\n\t\t\t\t<\/div>\n\t\t\t\t<\/div>\n\t\t","protected":false},"excerpt":{"rendered":"<p>TEM ALGUMA D\u00daDIVA? Preencha abaixo e obtenha mais informa\u00e7\u00f5es<\/p>\n","protected":false},"author":1,"featured_media":0,"parent":0,"menu_order":0,"comment_status":"closed","ping_status":"closed","template":"elementor_header_footer","meta":{"footnotes":""},"class_list":["post-52","page","type-page","status-publish","hentry"],"yoast_head":"<!-- This site is optimized with the Yoast SEO plugin v22.9 - https:\/\/yoast.com\/wordpress\/plugins\/seo\/ -->\n<title>Contato - Blog da ADAPS Energia<\/title>\n<meta name=\"robots\" content=\"index, follow, max-snippet:-1, max-image-preview:large, max-video-preview:-1\" \/>\n<link rel=\"canonical\" href=\"https:\/\/blog.adaps.com.br\/wordpress\/contato\/\" \/>\n<meta property=\"og:locale\" content=\"pt_BR\" \/>\n<meta property=\"og:type\" content=\"article\" \/>\n<meta property=\"og:title\" content=\"Contato - Blog da ADAPS Energia\" \/>\n<meta property=\"og:description\" content=\"TEM ALGUMA D\u00daDIVA? Preencha abaixo e obtenha mais informa\u00e7\u00f5es\" \/>\n<meta property=\"og:url\" content=\"https:\/\/blog.adaps.com.br\/wordpress\/contato\/\" \/>\n<meta property=\"og:site_name\" content=\"Blog da ADAPS Energia\" \/>\n<meta property=\"article:modified_time\" content=\"2024-05-22T17:22:55+00:00\" \/>\n<meta name=\"twitter:card\" content=\"summary_large_image\" \/>\n<script type=\"application\/ld+json\" class=\"yoast-schema-graph\">{\"@context\":\"https:\/\/schema.org\",\"@graph\":[{\"@type\":\"WebPage\",\"@id\":\"https:\/\/blog.adaps.com.br\/wordpress\/contato\/\",\"url\":\"https:\/\/blog.adaps.com.br\/wordpress\/contato\/\",\"name\":\"Contato - Blog da ADAPS Energia\",\"isPartOf\":{\"@id\":\"https:\/\/blog.adaps.com.br\/wordpress\/#website\"},\"datePublished\":\"2023-09-28T14:28:00+00:00\",\"dateModified\":\"2024-05-22T17:22:55+00:00\",\"breadcrumb\":{\"@id\":\"https:\/\/blog.adaps.com.br\/wordpress\/contato\/#breadcrumb\"},\"inLanguage\":\"pt-BR\",\"potentialAction\":[{\"@type\":\"ReadAction\",\"target\":[\"https:\/\/blog.adaps.com.br\/wordpress\/contato\/\"]}]},{\"@type\":\"BreadcrumbList\",\"@id\":\"https:\/\/blog.adaps.com.br\/wordpress\/contato\/#breadcrumb\",\"itemListElement\":[{\"@type\":\"ListItem\",\"position\":1,\"name\":\"In\u00edcio\",\"item\":\"https:\/\/blog.adaps.com.br\/wordpress\/\"},{\"@type\":\"ListItem\",\"position\":2,\"name\":\"Contato\"}]},{\"@type\":\"WebSite\",\"@id\":\"https:\/\/blog.adaps.com.br\/wordpress\/#website\",\"url\":\"https:\/\/blog.adaps.com.br\/wordpress\/\",\"name\":\"Blog da ADAPS Energia\",\"description\":\"\",\"publisher\":{\"@id\":\"https:\/\/blog.adaps.com.br\/wordpress\/#organization\"},\"potentialAction\":[{\"@type\":\"SearchAction\",\"target\":{\"@type\":\"EntryPoint\",\"urlTemplate\":\"https:\/\/blog.adaps.com.br\/wordpress\/?s={search_term_string}\"},\"query-input\":\"required name=search_term_string\"}],\"inLanguage\":\"pt-BR\"},{\"@type\":\"Organization\",\"@id\":\"https:\/\/blog.adaps.com.br\/wordpress\/#organization\",\"name\":\"Blog da ADAPS Energia\",\"url\":\"https:\/\/blog.adaps.com.br\/wordpress\/\",\"logo\":{\"@type\":\"ImageObject\",\"inLanguage\":\"pt-BR\",\"@id\":\"https:\/\/blog.adaps.com.br\/wordpress\/#\/schema\/logo\/image\/\",\"url\":\"https:\/\/blog.adaps.com.br\/wordpress\/wp-content\/uploads\/2023\/09\/Logo-com-sombra-ADAPS-Energia-2.png\",\"contentUrl\":\"https:\/\/blog.adaps.com.br\/wordpress\/wp-content\/uploads\/2023\/09\/Logo-com-sombra-ADAPS-Energia-2.png\",\"width\":250,\"height\":150,\"caption\":\"Blog da ADAPS Energia\"},\"image\":{\"@id\":\"https:\/\/blog.adaps.com.br\/wordpress\/#\/schema\/logo\/image\/\"}}]}<\/script>\n<!-- \/ Yoast SEO plugin. -->","yoast_head_json":{"title":"Contato - Blog da ADAPS Energia","robots":{"index":"index","follow":"follow","max-snippet":"max-snippet:-1","max-image-preview":"max-image-preview:large","max-video-preview":"max-video-preview:-1"},"canonical":"https:\/\/blog.adaps.com.br\/wordpress\/contato\/","og_locale":"pt_BR","og_type":"article","og_title":"Contato - Blog da ADAPS Energia","og_description":"TEM ALGUMA D\u00daDIVA? Preencha abaixo e obtenha mais informa\u00e7\u00f5es","og_url":"https:\/\/blog.adaps.com.br\/wordpress\/contato\/","og_site_name":"Blog da ADAPS Energia","article_modified_time":"2024-05-22T17:22:55+00:00","twitter_card":"summary_large_image","schema":{"@context":"https:\/\/schema.org","@graph":[{"@type":"WebPage","@id":"https:\/\/blog.adaps.com.br\/wordpress\/contato\/","url":"https:\/\/blog.adaps.com.br\/wordpress\/contato\/","name":"Contato - Blog da ADAPS Energia","isPartOf":{"@id":"https:\/\/blog.adaps.com.br\/wordpress\/#website"},"datePublished":"2023-09-28T14:28:00+00:00","dateModified":"2024-05-22T17:22:55+00:00","breadcrumb":{"@id":"https:\/\/blog.adaps.com.br\/wordpress\/contato\/#breadcrumb"},"inLanguage":"pt-BR","potentialAction":[{"@type":"ReadAction","target":["https:\/\/blog.adaps.com.br\/wordpress\/contato\/"]}]},{"@type":"BreadcrumbList","@id":"https:\/\/blog.adaps.com.br\/wordpress\/contato\/#breadcrumb","itemListElement":[{"@type":"ListItem","position":1,"name":"In\u00edcio","item":"https:\/\/blog.adaps.com.br\/wordpress\/"},{"@type":"ListItem","position":2,"name":"Contato"}]},{"@type":"WebSite","@id":"https:\/\/blog.adaps.com.br\/wordpress\/#website","url":"https:\/\/blog.adaps.com.br\/wordpress\/","name":"Blog da ADAPS Energia","description":"","publisher":{"@id":"https:\/\/blog.adaps.com.br\/wordpress\/#organization"},"potentialAction":[{"@type":"SearchAction","target":{"@type":"EntryPoint","urlTemplate":"https:\/\/blog.adaps.com.br\/wordpress\/?s={search_term_string}"},"query-input":"required name=search_term_string"}],"inLanguage":"pt-BR"},{"@type":"Organization","@id":"https:\/\/blog.adaps.com.br\/wordpress\/#organization","name":"Blog da ADAPS Energia","url":"https:\/\/blog.adaps.com.br\/wordpress\/","logo":{"@type":"ImageObject","inLanguage":"pt-BR","@id":"https:\/\/blog.adaps.com.br\/wordpress\/#\/schema\/logo\/image\/","url":"https:\/\/blog.adaps.com.br\/wordpress\/wp-content\/uploads\/2023\/09\/Logo-com-sombra-ADAPS-Energia-2.png","contentUrl":"https:\/\/blog.adaps.com.br\/wordpress\/wp-content\/uploads\/2023\/09\/Logo-com-sombra-ADAPS-Energia-2.png","width":250,"height":150,"caption":"Blog da ADAPS Energia"},"image":{"@id":"https:\/\/blog.adaps.com.br\/wordpress\/#\/schema\/logo\/image\/"}}]}},"_links":{"self":[{"href":"https:\/\/blog.adaps.com.br\/wordpress\/wp-json\/wp\/v2\/pages\/52","targetHints":{"allow":["GET"]}}],"collection":[{"href":"https:\/\/blog.adaps.com.br\/wordpress\/wp-json\/wp\/v2\/pages"}],"about":[{"href":"https:\/\/blog.adaps.com.br\/wordpress\/wp-json\/wp\/v2\/types\/page"}],"author":[{"embeddable":true,"href":"https:\/\/blog.adaps.com.br\/wordpress\/wp-json\/wp\/v2\/users\/1"}],"replies":[{"embeddable":true,"href":"https:\/\/blog.adaps.com.br\/wordpress\/wp-json\/wp\/v2\/comments?post=52"}],"version-history":[{"count":13,"href":"https:\/\/blog.adaps.com.br\/wordpress\/wp-json\/wp\/v2\/pages\/52\/revisions"}],"predecessor-version":[{"id":470,"href":"https:\/\/blog.adaps.com.br\/wordpress\/wp-json\/wp\/v2\/pages\/52\/revisions\/470"}],"wp:attachment":[{"href":"https:\/\/blog.adaps.com.br\/wordpress\/wp-json\/wp\/v2\/media?parent=52"}],"curies":[{"name":"wp","href":"https:\/\/api.w.org\/{rel}","templated":true}]}}